{"id":782,"date":"2018-06-28T16:32:36","date_gmt":"2018-06-28T14:32:36","guid":{"rendered":"http:\/\/kreglinger.com\/about-us\/"},"modified":"2025-07-28T15:05:36","modified_gmt":"2025-07-28T13:05:36","slug":"a-propos-de-nous","status":"publish","type":"page","link":"https:\/\/www.kreglinger.com\/fr\/a-propos-de-nous\/","title":{"rendered":"\u00c0 propos de nous"},"content":{"rendered":"<div class=\"wpb-content-wrapper\"><p>[vc_row css_animation=\u00a0\u00bb\u00a0\u00bb row_type=\u00a0\u00bbrow\u00a0\u00bb use_row_as_full_screen_section=\u00a0\u00bbno\u00a0\u00bb type=\u00a0\u00bbgrid\u00a0\u00bb angled_section=\u00a0\u00bbno\u00a0\u00bb text_align=\u00a0\u00bbleft\u00a0\u00bb background_image_as_pattern=\u00a0\u00bbwithout_pattern\u00a0\u00bb el_class=\u00a0\u00bbpage-opener whitetext\u00a0\u00bb z_index=\u00a0\u00bb\u00a0\u00bb css=\u00a0\u00bb.vc_custom_1535720254280{background-image: url(http:\/\/kreglinger.com\/wp-content\/uploads\/2018\/07\/kreglinger-brabo.jpg?id=299) !important;}\u00a0\u00bb][vc_column el_class=\u00a0\u00bbpage-opener-content\u00a0\u00bb][vc_column_text]<\/p>\n<h1>\u00c0 propos de nous<\/h1>\n<p>[\/vc_column_text][\/vc_column][\/vc_row][vc_row css_animation=\u00a0\u00bb\u00a0\u00bb row_type=\u00a0\u00bbrow\u00a0\u00bb use_row_as_full_screen_section=\u00a0\u00bbno\u00a0\u00bb type=\u00a0\u00bbgrid\u00a0\u00bb angled_section=\u00a0\u00bbno\u00a0\u00bb text_align=\u00a0\u00bbleft\u00a0\u00bb background_image_as_pattern=\u00a0\u00bbwithout_pattern\u00a0\u00bb z_index=\u00a0\u00bb\u00a0\u00bb el_class=\u00a0\u00bbrw-section\u00a0\u00bb][vc_column][vc_column_text]<\/p>\n<h2>Qui sommes-nous?<\/h2>\n<p>[\/vc_column_text][vc_empty_space height=\u00a0\u00bb30px\u00a0\u00bb][vc_row_inner row_type=\u00a0\u00bbrow\u00a0\u00bb type=\u00a0\u00bbfull_width\u00a0\u00bb text_align=\u00a0\u00bbleft\u00a0\u00bb css_animation=\u00a0\u00bb\u00a0\u00bb][vc_column_inner width=\u00a0\u00bb2\/3&Prime;][vc_column_text]G&amp;C Kreglinger a \u00e9t\u00e9 fond\u00e9e \u00e0 Anvers, en Belgique, en 1797, en tant que soci\u00e9t\u00e9 commerciale sp\u00e9cialis\u00e9e dans le commerce de laine et de peaux de moutons. G&amp;C Kreglinger est depuis devenue la soci\u00e9t\u00e9 m\u00e8re europ\u00e9enne du groupe qui reste une entreprise belge priv\u00e9e.<\/p>\n<p>Kreglinger Europe N.V., bas\u00e9e \u00e0 Anvers, assure un large \u00e9ventail d\u2019activit\u00e9s diverses et vari\u00e9es. Celles-ci comportent notamment la promotion et la distribution d\u2019ingr\u00e9dients sp\u00e9cialis\u00e9s, naturels mais \u00e9galement chimiques, qui trouvent leurs applications dans les services Alimentation et Boisson, Cosm\u00e9tiques et soins pour le corps, Pharmaceutique, Plastique, Caoutchouc, Rev\u00eatement et produits p\u00e9troliers et Protection des cultures.<\/p>\n<p>Kreglinger doit, en tr\u00e8s grande partie, son d\u00e9veloppement \u00e0 une relation commerciale de longue dur\u00e9e avec ses fournisseurs internationaux, tous sp\u00e9cialis\u00e9s dans un domaine qui leur est propre. Kreglinger collabore avec certains de ses partenaires depuis plus de 50 ans. Alors que l\u2019entreprise continue son expansion, elle est fi\u00e8re de compter parmi les derni\u00e8res entreprises ind\u00e9pendantes de distribution d\u2019ingr\u00e9dients sp\u00e9cialis\u00e9s sur le march\u00e9 europ\u00e9en.<\/p>\n<p>Nos activit\u00e9s de distribution de produits sp\u00e9cialis\u00e9s sont \u00e9troitement li\u00e9es \u00e0 la logistique et \u00e0 l\u2019approvisionnement en services propos\u00e9s par Kregspedi ; la logistique est la deuxi\u00e8me plus importante activit\u00e9 du groupe Kreglinger en Europe.<\/p>\n<p>Kreglinger Australia Pty Ltd. est le second pilier du groupe Kreglinger. Install\u00e9e \u00e0 Keilor, Victoria, en 1893, ses principales activit\u00e9s vont du commerce de peaux de moutons et d\u2019agneaux, de l\u2019am\u00e9nagement du territoire et la promotion immobili\u00e8re, \u00e0 la mise en bouteille et \u00e0 la commercialisation de l\u2019eau de pluie de Tasmanie \u00ab\u00a09\u00a0\u00bb ainsi qu&rsquo;\u00e0 la production de vin sur ses deux vignobles situ\u00e9s dans le nord de la Tasmanie (Pipers Brook Vineyard) et dans le sud de l\u2019Australie (Norfolk Rise Vineyard).<\/p>\n<p>Pour en savoir plus, rendez-vous sur : <u><a href=\"http:\/\/www.kreglingerwineestates.com\/\">www.kreglingerwineestates.com<\/a><\/u>[\/vc_column_text][\/vc_column_inner][vc_column_inner width=\u00a0\u00bb1\/3&Prime;][vc_single_image image=\u00a0\u00bb305&Prime; img_size=\u00a0\u00bbfull\u00a0\u00bb qode_css_animation=\u00a0\u00bb\u00a0\u00bb][\/vc_column_inner][\/vc_row_inner][\/vc_column][\/vc_row][vc_row css_animation=\u00a0\u00bb\u00a0\u00bb row_type=\u00a0\u00bbrow\u00a0\u00bb use_row_as_full_screen_section=\u00a0\u00bbno\u00a0\u00bb type=\u00a0\u00bbgrid\u00a0\u00bb angled_section=\u00a0\u00bbno\u00a0\u00bb text_align=\u00a0\u00bbleft\u00a0\u00bb background_image_as_pattern=\u00a0\u00bbwithout_pattern\u00a0\u00bb z_index=\u00a0\u00bb\u00a0\u00bb el_class=\u00a0\u00bbrw-section\u00a0\u00bb css=\u00a0\u00bb.vc_custom_1753707934534{background-color: #F4F4F4 !important;}\u00a0\u00bb el_id=\u00a0\u00bbgroupe\u00a0\u00bb][vc_column width=\u00a0\u00bb1\/3&Prime;][vc_column_text]<\/p>\n<h2>Groupe Kreglinger<\/h2>\n<p>[\/vc_column_text][vc_empty_space height=\u00a0\u00bb50px\u00a0\u00bb][\/vc_column][vc_column width=\u00a0\u00bb2\/3&Prime;][vc_row_inner row_type=\u00a0\u00bbrow\u00a0\u00bb type=\u00a0\u00bbfull_width\u00a0\u00bb text_align=\u00a0\u00bbleft\u00a0\u00bb css_animation=\u00a0\u00bb\u00a0\u00bb el_class=\u00a0\u00bbrw-group\u00a0\u00bb][vc_column_inner el_class=\u00a0\u00bbgroup whitetext\u00a0\u00bb width=\u00a0\u00bb1\/2&Prime; css=\u00a0\u00bb.vc_custom_1532608720115{background-image: url(http:\/\/kreglinger.com\/wp-content\/uploads\/2018\/06\/building-business-ceiling-209251.jpg?id=13) !important;}\u00a0\u00bb][vc_column_text]<\/p>\n<h3>Logistique<\/h3>\n<p>[\/vc_column_text]<a  itemprop=\"url\" href=\"http:\/\/kreglinger.com\/fr\/logistique\/\" target=\"_self\"  class=\"qbutton  white default\" style=\"\">En savoir plus<\/a>[\/vc_column_inner][vc_column_inner el_class=\u00a0\u00bbgroup whitetext\u00a0\u00bb width=\u00a0\u00bb1\/2&Prime; css=\u00a0\u00bb.vc_custom_1753707873213{background-image: url(http:\/\/kreglinger.com\/wp-content\/uploads\/2018\/07\/DSCN1170.jpg?id=307) !important;}\u00a0\u00bb el_id=\u00a0\u00bbvins\u00a0\u00bb][vc_column_text]<\/p>\n<h3>Vins Kreglinger<\/h3>\n<p>[\/vc_column_text]<a  itemprop=\"url\" href=\"https:\/\/www.kreglingerwineestates.com\/\" target=\"_blank\"  class=\"qbutton  white default\" style=\"\">En savoir plus<\/a>[\/vc_column_inner][\/vc_row_inner][vc_row_inner row_type=\u00a0\u00bbrow\u00a0\u00bb type=\u00a0\u00bbfull_width\u00a0\u00bb text_align=\u00a0\u00bbleft\u00a0\u00bb css_animation=\u00a0\u00bb\u00a0\u00bb el_class=\u00a0\u00bbrw-group\u00a0\u00bb][vc_column_inner el_class=\u00a0\u00bbgroup whitetext\u00a0\u00bb width=\u00a0\u00bb1\/2&Prime; css=\u00a0\u00bb.vc_custom_1532440415152{background-image: url(http:\/\/kreglinger.com\/wp-content\/uploads\/2018\/07\/kreglinger_50.jpg?id=303) !important;}\u00a0\u00bb][vc_column_text css=\u00a0\u00bb\u00a0\u00bb]<\/p>\n<h3>Collection Kreglinger<\/h3>\n<p>[\/vc_column_text]<a  itemprop=\"url\" href=\"http:\/\/kreglinger.com\/fr\/collections-kreglinger\/\" target=\"_self\"  class=\"qbutton  white default\" style=\"\">En savoir plus<\/a>[\/vc_column_inner][vc_column_inner el_class=\u00a0\u00bbgroup whitetext\u00a0\u00bb width=\u00a0\u00bb1\/2&Prime; css=\u00a0\u00bb.vc_custom_1532440357342{background-image: url(http:\/\/kreglinger.com\/wp-content\/uploads\/2018\/07\/architecture-buildings-chairs-635041.jpg?id=302) !important;}\u00a0\u00bb][vc_column_text]<\/p>\n<h3>Immobilier Kreglinger<\/h3>\n<p>[\/vc_column_text]<a  itemprop=\"url\" href=\"http:\/\/kreglinger.com\/fr\/immobilier-kreglinger\/\" target=\"_self\"  class=\"qbutton  white default\" style=\"\">En savoir plus<\/a>[\/vc_column_inner][\/vc_row_inner][\/vc_column][\/vc_row]<\/p>\n<\/div>","protected":false},"excerpt":{"rendered":"<p>[vc_row css_animation=\u00a0\u00bb\u00a0\u00bb row_type=\u00a0\u00bbrow\u00a0\u00bb use_row_as_full_screen_section=\u00a0\u00bbno\u00a0\u00bb type=\u00a0\u00bbgrid\u00a0\u00bb angled_section=\u00a0\u00bbno\u00a0\u00bb text_align=\u00a0\u00bbleft\u00a0\u00bb background_image_as_pattern=\u00a0\u00bbwithout_pattern\u00a0\u00bb el_class=\u00a0\u00bbpage-opener whitetext\u00a0\u00bb z_index=\u00a0\u00bb\u00a0\u00bb css=\u00a0\u00bb.vc_custom_1535720254280{background-image: url(http:\/\/kreglinger.com\/wp-content\/uploads\/2018\/07\/kreglinger-brabo.jpg?id=299) !important;}\u00a0\u00bb][vc_column el_class=\u00a0\u00bbpage-opener-content\u00a0\u00bb][vc_column_text] \u00c0 propos de nous [\/vc_column_text][\/vc_column][\/vc_row][vc_row css_animation=\u00a0\u00bb\u00a0\u00bb row_type=\u00a0\u00bbrow\u00a0\u00bb use_row_as_full_screen_section=\u00a0\u00bbno\u00a0\u00bb type=\u00a0\u00bbgrid\u00a0\u00bb angled_section=\u00a0\u00bbno\u00a0\u00bb text_align=\u00a0\u00bbleft\u00a0\u00bb background_image_as_pattern=\u00a0\u00bbwithout_pattern\u00a0\u00bb z_index=\u00a0\u00bb\u00a0\u00bb el_class=\u00a0\u00bbrw-section\u00a0\u00bb][vc_column][vc_column_text] Qui sommes-nous? [\/vc_column_text][vc_empty_space height=\u00a0\u00bb30px\u00a0\u00bb][vc_row_inner row_type=\u00a0\u00bbrow\u00a0\u00bb type=\u00a0\u00bbfull_width\u00a0\u00bb text_align=\u00a0\u00bbleft\u00a0\u00bb css_animation=\u00a0\u00bb\u00a0\u00bb][vc_column_inner width=\u00a0\u00bb2\/3&Prime;][vc_column_text]G&amp;C Kreglinger a \u00e9t\u00e9 fond\u00e9e \u00e0 Anvers, en&#8230;<\/p>\n","protected":false},"author":1,"featured_media":0,"parent":0,"menu_order":0,"comment_status":"closed","ping_status":"closed","template":"full_width.php","meta":{"_acf_changed":false,"inline_featured_image":false,"footnotes":""},"class_list":["post-782","page","type-page","status-publish","hentry"],"acf":[],"_links":{"self":[{"href":"https:\/\/www.kreglinger.com\/fr\/wp-json\/wp\/v2\/pages\/782","targetHints":{"allow":["GET"]}}],"collection":[{"href":"https:\/\/www.kreglinger.com\/fr\/wp-json\/wp\/v2\/pages"}],"about":[{"href":"https:\/\/www.kreglinger.com\/fr\/wp-json\/wp\/v2\/types\/page"}],"author":[{"embeddable":true,"href":"https:\/\/www.kreglinger.com\/fr\/wp-json\/wp\/v2\/users\/1"}],"replies":[{"embeddable":true,"href":"https:\/\/www.kreglinger.com\/fr\/wp-json\/wp\/v2\/comments?post=782"}],"version-history":[{"count":7,"href":"https:\/\/www.kreglinger.com\/fr\/wp-json\/wp\/v2\/pages\/782\/revisions"}],"predecessor-version":[{"id":5698,"href":"https:\/\/www.kreglinger.com\/fr\/wp-json\/wp\/v2\/pages\/782\/revisions\/5698"}],"wp:attachment":[{"href":"https:\/\/www.kreglinger.com\/fr\/wp-json\/wp\/v2\/media?parent=782"}],"curies":[{"name":"wp","href":"https:\/\/api.w.org\/{rel}","templated":true}]}}